{"id":174,"date":"2019-06-17T20:48:03","date_gmt":"2019-06-17T20:48:03","guid":{"rendered":"http:\/\/www.sebestart.cz\/?page_id=174"},"modified":"2019-07-01T16:15:35","modified_gmt":"2019-07-01T16:15:35","slug":"ridici","status":"publish","type":"page","link":"https:\/\/www.sebestart.cz\/index.php\/ridici\/","title":{"rendered":"\u0158idi\u010di"},"content":{"rendered":"<h2>Jak\u00e9 druhy vy\u0161et\u0159en\u00ed \u0159idi\u010d\u016f prov\u00e1d\u00edme?<\/h2>\n<ul>\n<li><b>vybodovan\u00fdch \u0159idi\u010d\u016f.<\/b><\/li>\n<li><b>\u0159idi\u010d\u016f profesion\u00e1l\u016f<\/b> podle \u00a787a z\u00e1kona \u010d. 411\/2005 Sb. (nad 7,5t), pro firmy i pro samopl\u00e1tce.<\/li>\n<li><b>\u0159idi\u010d\u016f senior\u016f<\/b><\/li>\n<li><b>instruktor\u016f auto\u0161koly<\/b><\/li>\n<li><b>\u0159idi\u010d\u016f s pr\u00e1vem p\u0159ednostn\u00ed j\u00edzdy<\/b><\/li>\n<li><b>\u0159idi\u010d\u016f ze zdravotn\u00ed indikace<\/b> (na \u017e\u00e1dost praktick\u00e9ho l\u00e9ka\u0159e, psychiatra, neurologa \u010di jin\u00e9ho specialisty)<\/li>\n<li><b>\u0159idi\u010d\u016f elektrick\u00fdch invalidn\u00edch voz\u00edk\u016f<\/b><\/li>\n<li><b>\u0159idi\u010d\u016f dr\u00e1\u017en\u00edch vozidel, strojvedouc\u00edch, hradla\u0159\u016f<\/b><\/li>\n<li><b>\u0159idi\u010d\u016f velkorypadel, d\u016fln\u00edch z\u00e1chran\u00e1\u0159\u016f a dal\u0161\u00edch d\u016fln\u00edch profes\u00ed<\/b><\/li>\n<\/ul>\n<h2>Kolik to stoj\u00ed?<\/h2>\n<p>M\u00e1me <b>nejp\u0159\u00edzniv\u011bj\u0161\u00ed ceny v regionu<\/b>, proto\u017ee m\u00e1me modern\u011b vybavenou velkou laborato\u0159, kde m\u016f\u017ee vy\u0161et\u0159en\u00ed prob\u00edhat nejen jednotliv\u011b, ale i skupinov\u011b. Ceny za vy\u0161et\u0159en\u00ed:<\/p>\n<table>\n<tbody>\n<tr>\n<td><b>Druh vy\u0161et\u0159en\u00ed:<\/b><\/td>\n<td>cena [K\u010d\/osobu]*<\/td>\n<\/tr>\n<tr>\n<td>\u0158idi\u010di v\u0161ech skupin v\u010detn\u011b vybodovan\u00fdch \u0159idi\u010d\u016f (navr\u00e1cen\u00ed \u0158P)<\/td>\n<td><b>1500,-<\/b><\/td>\n<\/tr>\n<\/tbody>\n<\/table>\n<p><b>*Pozn.: Nejsme pl\u00e1tci DPH (jde tedy o kone\u010dnou \u010d\u00e1stku). Firm\u00e1m p\u0159i dlouhodob\u00e9 spolupr\u00e1ci nab\u00edz\u00edme smluvn\u00ed ceny.<br \/>\n<\/b><\/p>\n<h2>Kdo vy\u0161et\u0159en\u00ed hrad\u00ed?<\/h2>\n<p>N\u00e1klady hrad\u00ed \u017eadatel. U vybodovan\u00fdch \u0159idi\u010d\u016f je to s\u00e1m \u0159idi\u010d &#8211; p\u0159edem. \u0158idi\u010di vozidel nad 7,5 t hrad\u00ed vy\u0161et\u0159en\u00ed rovn\u011b\u017e sami, ale v n\u011bkter\u00fdch p\u0159\u00edpadech jim poplatek zp\u011btn\u011b propl\u00e1c\u00ed jejich zam\u011bstnavatel &#8211; jde v\u0161ak v\u017edy o intern\u00ed dohodu mezi zam\u011bstnancem a zam\u011bstnavatelem. Zam\u011bstnavatel si toti\u017e m\u016f\u017ee platbu za vy\u0161et\u0159en\u00ed zapo\u010d\u00edtat do v\u00fddaj\u016f. Proto u n\u011bkter\u00fdch \u0159idi\u010d\u016f propl\u00e1c\u00ed vy\u0161et\u0159en\u00ed firma a pak jde o \u00fahradu fakturou.<\/p>\n<p>V p\u0159\u00edpad\u011b ne\u00fasp\u011bchu \u017eadatele nen\u00ed poplatek vratn\u00fd.<\/p>\n<h2>Dal\u0161\u00ed v\u00fdhody vy\u0161et\u0159en\u00ed u n\u00e1s<\/h2>\n<ul>\n<li>M\u016f\u017eeme nab\u00eddnout <b>velmi kr\u00e1tk\u00e9 term\u00edny &#8211; prakticky &#8222;ze dne na den&#8220;<\/b>. O term\u00ednech se informujte na e-mailu info(at)sebestart.cz. Odpov\u00edme nebo zavol\u00e1me zp\u011bt. Tak\u00e9 Rozhodnut\u00ed o zp\u016fsobilosti dostanete bez zbyte\u010dn\u00fdch odklad\u016f.<\/li>\n<li>M\u00e1me <b>klimatizovanou<\/b> a modern\u011b <b>vybavenou laborato\u0159 s optim\u00e1ln\u00edmi sv\u011bteln\u00fdmi podm\u00ednkami a modern\u00ed technikou <\/b> &#8211; tak, abychom mohli nab\u00eddnout pracovn\u00ed pohodu b\u011bhem vy\u0161et\u0159en\u00ed.<\/li>\n<li>Jsme jedno z prvn\u00edch pracovi\u0161\u0165 v regionu (Most, \u017datec, Louny, B\u00edlina, Teplice, Chomutov), kter\u00e9 bylo <a class=\"menu\" href=\"http:\/\/www.psychomost.cz\/akreditace.php\">akreditov\u00e1no<\/a> k t\u011bmto vy\u0161et\u0159en\u00edm Ministerstvem dopravy, tj. m\u00e1me po\u017eadovan\u00e9 odborn\u00e9 vzd\u011bl\u00e1n\u00ed a odpov\u00eddaj\u00edc\u00ed testov\u00e9, prostorov\u00e9, testov\u00e9 a p\u0159\u00edstrojov\u00e9 vybaven\u00ed. Oproti n\u011bkter\u00fdm jin\u00fdm pracovi\u0161t\u00edm m\u00e1te u n\u00e1s <b>z\u00e1ruku profesionality<\/b>, tzn., \u017ee vy\u0161et\u0159en\u00ed prob\u011blo p\u0159edepsan\u00fdm zp\u016fsobem &#8211; podle pravidel a zn\u011bn\u00ed p\u0159\u00edslu\u0161n\u00e9 vyhl\u00e1\u0161ky. V\u00edme bohu\u017eel o n\u011bkter\u00fdch pracovi\u0161t\u00edch, kde vy\u0161et\u0159en\u00ed prob\u00edh\u00e1 nap\u0159. nep\u0159im\u011b\u0159en\u011b kr\u00e1tkou dobu (20 minut), kde nevy\u0161et\u0159\u00ed v\u0161echny po\u017eadovan\u00e9 schopnosti nebo v\u016fbec nepou\u017e\u00edvaj\u00ed p\u0159\u00edstrojov\u00e9 vy\u0161et\u0159en\u00ed. Takov\u00e9 vy\u0161et\u0159en\u00ed nen\u00ed ze z\u00e1kona platn\u00e9 a Vy riskujete zbyte\u010dn\u00e9 v\u00fddaje nav\u00edc za potvrzen\u00ed, kter\u00e9 je bezcenn\u00e9.<\/li>\n<li><i>Pozn. pro autodopravce a firmy: D\u00edky na\u0161\u00ed dal\u0161\u00ed <b>odborn\u00e9 specializaci v klinick\u00e9 psychologii a psychiatrii<\/b> um\u00edme posoudit nejen pouh\u00e9 reakce a povahov\u00e9 vlastnosti \u0159idi\u010de, kter\u00e9 jsou kl\u00ed\u010dov\u00e9 pro \u0159\u00edzen\u00ed motorov\u00fdch vozidel (impulzivita, agresivita apod.), ale oproti ostatn\u00edm pracovi\u0161t\u00edm tak\u00e9 nap\u0159. po\u010d\u00ednaj\u00edc\u00ed du\u0161evn\u00ed choroby (depresi, \u00fazkosti apod. v dob\u011b, kdy je\u0161t\u011b nejsou zcela patrn\u00e9). Nav\u00edc s prac\u00ed v dopravn\u00ed psychologii m\u00e1me <b>dlouhodob\u00e9 zku\u0161enosti<\/b> a pracujeme pro velk\u00e9 firmy, jako jsou d\u016fln\u00ed spole\u010dnosti. Proto vy\u0161et\u0159en\u00ed u n\u00e1s tedy m\u016f\u017ee fungovat jako <b>lep\u0161\u00ed prevence nehodovosti Va\u0161ich zam\u011bstnanc\u016f.<\/b><\/i><\/li>\n<\/ul>\n<p>&nbsp;<\/p>\n<h2>Pro\u010d mus\u00ed b\u00fdt vy\u0161et\u0159en\u00ed provedeno?<\/h2>\n<p>Nov\u011b je \u00a787a z\u00e1kona \u010d. 411\/2005 Sb. zavedena povinnost podrobit se dopravn\u011b psychologick\u00e9mu vy\u0161et\u0159en\u00ed pro dr\u017eitele vybran\u00fdch skupin \u0159idi\u010dsk\u00e9ho opr\u00e1vn\u011bn\u00ed. Posudek psychologa vypracovan\u00fd na z\u00e1klad\u011b dopravn\u011b psychologick\u00e9ho vy\u0161et\u0159en\u00ed je od 1. \u010dervence 2006 povinen po\u017eadovat ka\u017ed\u00fd l\u00e9ka\u0159 vystavuj\u00edc\u00ed profesion\u00e1ln\u00edm \u0159idi\u010d\u016fm potvrzen\u00ed o absolvov\u00e1n\u00ed pravideln\u00e9 l\u00e9ka\u0159sk\u00e9 prohl\u00eddky. Tot\u00e9\u017e plat\u00ed nov\u011b i pro tzv. &#8222;vybodovan\u00e9&#8220; \u0159idi\u010de. P\u00edsemn\u011b vyhotoven\u00fd z\u00e1znam v\u00fdsledk\u016f t\u011bchto vy\u0161et\u0159en\u00ed je podkladem k posudku o zdravotn\u00ed zp\u016fsobilosti.<\/p>\n<h2>Jak \u010dasto mus\u00ed b\u00fdt vy\u0161et\u0159en\u00ed prov\u00e1d\u011bno?<\/h2>\n<p>U &#8222;vybodovan\u00fdch&#8220; \u0159idi\u010d\u016f je zpravidla jednor\u00e1zov\u00e9. U profesion\u00e1l\u016f je \u0159idi\u010d dal\u0161\u00edm vy\u0161et\u0159en\u00edm povinen se podrobit <strong>nejd\u0159\u00edve \u0161est m\u011bs\u00edc\u016f p\u0159ed dovr\u0161en\u00edm 50 let a nejpozd\u011bji v den dovr\u0161en\u00ed 50 let a<\/strong> d\u00e1le pak ka\u017ed\u00fdch p\u011bt let.<\/p>\n<h2>Kdo vy\u0161et\u0159en\u00ed prov\u00e1d\u00ed?<\/h2>\n<p>Samotn\u00e9 zad\u00e1n\u00ed test\u016f m\u016f\u017ee prov\u00e1d\u011bt vy\u0161kolen\u00e1 laborantka. Vyhodnocen\u00ed test\u016f, jejich interpretaci a rozhodnut\u00ed prov\u00e1d\u00ed psycholog.<\/p>\n<h2>Z \u010deho se vy\u0161et\u0159en\u00ed skl\u00e1d\u00e1?<\/h2>\n<p>Jde o s\u00e9rii test\u016f, kter\u00e9 hodnot\u00ed jednak <span class=\"zvyrazni\">str\u00e1nku v\u00fdkonovou <\/span>(testy inteligence, pam\u011b\u0165, koncentrace pozornosti, rychlost, p\u0159esnost, tolerance ke stresu, reakce na zvukov\u00e9 a sluchov\u00e9 podn\u011bty, spolehlivost reakc\u00ed a rychlost rozhodov\u00e1n\u00ed za stresu) a <span class=\"zvyrazni\">vy\u0161et\u0159en\u00ed osobnosti<\/span> (psychick\u00e1 labilita, m\u00edra agresivity, ovl\u00e1d\u00e1n\u00ed emo\u010dn\u00edch impulz\u016f, probl\u00e9my v sebeovl\u00e1d\u00e1n\u00ed, tendence k hazardu, tendence k explozivn\u00edm reakc\u00edm a dal\u0161\u00ed).<\/p>\n<h2>Jak dlouho vy\u0161et\u0159en\u00ed trv\u00e1?<\/h2>\n<p>Vy\u0161et\u0159en\u00ed trv\u00e1 n\u011bkolik hodin a z\u00e1vis\u00ed na spolupr\u00e1ci \u0159idi\u010d\u016f. Zpravidla se vejdeme do 4 hodin \u010dist\u00e9ho \u010dasu.<\/p>\n<h2>Co dostanu po vy\u0161et\u0159en\u00ed?<\/h2>\n<p>V\u00fdstupem je tzv. &#8222;Rozhodnut\u00ed o zp\u016fsobilosti&#8220;, tzn. z\u00e1v\u011br cel\u00e9ho vy\u0161et\u0159en\u00ed, kter\u00e9 obsahuje v\u00fdrok o tom, jak\u00e1 motorov\u00e1 vozidla (a p\u0159\u00edpadn\u011b za jak\u00fdch podm\u00ednek &#8211; tzv. harmoniza\u010dn\u00ed k\u00f3dy nebo jin\u00e1 omezen\u00ed) je \u0159idi\u010d schopen ovl\u00e1dat. Ostatn\u00ed dokumentace se zakl\u00e1d\u00e1 v archivu laborato\u0159e.<\/p>\n<p>V p\u0159\u00edpad\u011b d\u00edl\u010d\u00edho ne\u00fasp\u011bchu je mo\u017en\u00e9 n\u011bkter\u00e9 \u010d\u00e1sti vy\u0161et\u0159en\u00ed opakovat, z\u00e1le\u017e\u00ed v\u017edy na posouzen\u00ed dan\u00e9ho p\u0159\u00edpadu dopravn\u00edm psychologem.<\/p>\n<h2>Je mo\u017en\u00e9 prov\u00e9st vy\u0161et\u0159en\u00ed ve firm\u011b?<\/h2>\n<p>Ne, v dne\u0161n\u00ed dob\u011b to ji\u017e mo\u017en\u00e9 nen\u00ed, proto\u017ee ze z\u00e1kona je nutn\u00e9 prov\u00e1d\u011bt vy\u0161et\u0159en\u00ed na dan\u00e9m pracovi\u0161ti, nav\u00edc sou\u010d\u00e1st\u00ed je p\u0159\u00edstrojov\u00e9 vy\u0161et\u0159en\u00ed. D\u0159\u00edve takto vy\u0161et\u0159en\u00ed mnohdy prob\u00edhala, byly dokonce specializovan\u00e9 firmy, kter\u00e9 vlastn\u00edm &#8222;autobusem&#8220; obj\u00ed\u017ed\u011bly firmy a prov\u00e1d\u011bly nekvalitn\u00ed vy\u0161et\u0159en\u00ed. Pokud se dnes s podobnou nab\u00eddkou na vy\u0161et\u0159en\u00ed setk\u00e1te, riskujete, \u017ee vy\u0161et\u0159en\u00ed takto z\u00edskan\u00e1 nebudou ze z\u00e1kona platn\u00e1 (akreditace je platn\u00e1 jen pro konkr\u00e9tn\u00ed pracovi\u0161t\u011b).<\/p>\n<h2>Co mus\u00edm m\u00edt k vy\u0161et\u0159en\u00ed s sebou?<\/h2>\n<ul>\n<li type=\"square\">\u0158idi\u010dsk\u00fd pr\u016fkaz<\/li>\n<li type=\"square\">Ob\u010dansk\u00fd pr\u016fkaz<\/li>\n<li type=\"square\">Origin\u00e1l a kopii v\u00fdpisu z eviden\u010dn\u00ed karty \u0159idi\u010de (z\u00edsk\u00e1te jej na odboru dopravy magistr\u00e1tu)<\/li>\n<li type=\"square\">Posudek o zdravotn\u00ed zp\u016fsobilosti (z\u00edsk\u00e1te od sv\u00e9ho praktick\u00e9ho l\u00e9ka\u0159e, nesm\u00ed b\u00fdt star\u0161\u00ed ne\u017e 30 dn\u00ed)<\/li>\n<li type=\"square\">Poplatek za vy\u0161et\u0159en\u00ed (nen\u00ed-li vy\u0161et\u0159en\u00ed hrazeno fakturou)<\/li>\n<li type=\"square\">U\u017e\u00edv\u00e1te-li naslouchadlo \u010di br\u00fdle, je nutn\u00e9 je vz\u00edt s sebou. Vy\u0161et\u0159en\u00ed je n\u00e1ro\u010dn\u00e9 na zrak i sluch &#8211; je dobr\u00e9 si p\u0159\u00edpadn\u011b v p\u0159edstihu p\u0159ed vy\u0161et\u0159en\u00edm zajistit dobrou korekci obou smysl\u016f u p\u0159\u00edslu\u0161n\u00e9ho odborn\u00edka (o\u010dn\u00ed l\u00e9ka\u0159, ORL).<\/li>\n<\/ul>\n<h2>Co je\u0161t\u011b mohu ud\u011blat pro to, abych p\u0159i vy\u0161et\u0159en\u00ed obst\u00e1l?<\/h2>\n<p>Je d\u016fle\u017eit\u00e9:<\/p>\n<ul>\n<li type=\"square\">&#8230;p\u0159ij\u00edt na vy\u0161et\u0159en\u00ed v\u010das ve stanovenou dobu!<\/li>\n<li type=\"square\">&#8230;p\u0159ij\u00edt odpo\u010dat\u00fd a p\u0159im\u011b\u0159en\u011b vyspal\u00fd (nikoliv po no\u010dn\u00ed sm\u011bn\u011b)<\/li>\n<li type=\"square\">&#8230;alespo\u0148 den p\u0159ed vy\u0161et\u0159en\u00edm nekonzumovat alkohol a jin\u00e9 n\u00e1vykov\u00e9 l\u00e1tky.<\/li>\n<li type=\"square\">&#8230;pokud u\u017e\u00edv\u00e1te tlum\u00edc\u00ed l\u00e9ky, je vhodn\u00e9 vynechat rann\u00ed d\u00e1vku v den vy\u0161et\u0159en\u00ed.<\/li>\n<li type=\"square\">&#8230;pro zd\u00e1rn\u00fd pr\u016fb\u011bh p\u0159\u00edstrojov\u00e9ho vy\u0161et\u0159en\u00ed m\u00edt na nohou pevnou obuv (zejm\u00e9na \u017eeny &#8211; obuv bez podpatku, nikoliv pantofle nebo sand\u00e1ly).<\/li>\n<li type=\"square\">&#8230;M\u016f\u017eete si p\u0159in\u00e9st n\u00e1poj, u diabetik\u016f pak se vyplat\u00ed mal\u00e1 sva\u010dinka (p\u0159ibli\u017en\u011b v polovin\u011b vy\u0161et\u0159en\u00ed za\u0159azujeme povinnou pauzu).<\/li>\n<\/ul>\n","protected":false},"excerpt":{"rendered":"<p>Jak\u00e9 druhy vy\u0161et\u0159en\u00ed \u0159idi\u010d\u016f prov\u00e1d\u00edme? vybodovan\u00fdch \u0159idi\u010d\u016f. \u0159idi\u010d\u016f profesion\u00e1l\u016f podle \u00a787a z\u00e1kona \u010d. 411\/2005 Sb. (nad 7,5t), pro firmy i pro samopl\u00e1tce. \u0159idi\u010d\u016f senior\u016f instruktor\u016f auto\u0161koly \u0159idi\u010d\u016f s pr\u00e1vem p\u0159ednostn\u00ed j\u00edzdy \u0159idi\u010d\u016f ze zdravotn\u00ed indikace (na \u017e\u00e1dost praktick\u00e9ho l\u00e9ka\u0159e, psychiatra, neurologa \u010di jin\u00e9ho specialisty) \u0159idi\u010d\u016f elektrick\u00fdch invalidn\u00edch voz\u00edk\u016f \u0159idi\u010d\u016f dr\u00e1\u017en\u00edch vozidel, strojvedouc\u00edch, hradla\u0159\u016f \u0159idi\u010d\u016f velkorypadel, &#8230; <a title=\"\u0158idi\u010di\" class=\"read-more\" href=\"https:\/\/www.sebestart.cz\/index.php\/ridici\/\">\u010c\u00edst d\u00e1l<span class=\"screen-reader-text\">\u0158idi\u010di<\/span><\/a><\/p>\n","protected":false},"author":1,"featured_media":0,"parent":0,"menu_order":0,"comment_status":"closed","ping_status":"closed","template":"","meta":{"footnotes":""},"class_list":["post-174","page","type-page","status-publish"],"_links":{"self":[{"href":"https:\/\/www.sebestart.cz\/index.php\/wp-json\/wp\/v2\/pages\/174","targetHints":{"allow":["GET"]}}],"collection":[{"href":"https:\/\/www.sebestart.cz\/index.php\/wp-json\/wp\/v2\/pages"}],"about":[{"href":"https:\/\/www.sebestart.cz\/index.php\/wp-json\/wp\/v2\/types\/page"}],"author":[{"embeddable":true,"href":"https:\/\/www.sebestart.cz\/index.php\/wp-json\/wp\/v2\/users\/1"}],"replies":[{"embeddable":true,"href":"https:\/\/www.sebestart.cz\/index.php\/wp-json\/wp\/v2\/comments?post=174"}],"version-history":[{"count":5,"href":"https:\/\/www.sebestart.cz\/index.php\/wp-json\/wp\/v2\/pages\/174\/revisions"}],"predecessor-version":[{"id":239,"href":"https:\/\/www.sebestart.cz\/index.php\/wp-json\/wp\/v2\/pages\/174\/revisions\/239"}],"wp:attachment":[{"href":"https:\/\/www.sebestart.cz\/index.php\/wp-json\/wp\/v2\/media?parent=174"}],"curies":[{"name":"wp","href":"https:\/\/api.w.org\/{rel}","templated":true}]}}