{"id":33,"date":"2019-06-17T12:08:24","date_gmt":"2019-06-17T12:08:24","guid":{"rendered":"http:\/\/www.sebestart.cz\/?page_id=33"},"modified":"2021-08-31T15:16:20","modified_gmt":"2021-08-31T15:16:20","slug":"supervize","status":"publish","type":"page","link":"https:\/\/www.sebestart.cz\/index.php\/supervize\/","title":{"rendered":"Supervize"},"content":{"rendered":"<p>Superviz\u00ed obecn\u011b rozum\u00edme bezpe\u010dnou, laskavou a obohacuj\u00edc\u00ed zku\u0161enost. Slou\u017e\u00ed k profesn\u00edmu r\u016fstu. Nejde tedy o \u017e\u00e1dn\u00e9 &#8222;mistrov\u00e1n\u00ed&#8220;, kontrolu, hodnocen\u00ed nebo pou\u010dov\u00e1n\u00ed. Supervizor je pr\u016fvodcem, kter\u00fd pom\u00e1h\u00e1 supervidovan\u00e9mu jedinci nebo t\u00fdmu reflektovat vlastn\u00ed pr\u00e1ci a pochopit, pro\u010d se n\u011bkdy pr\u00e1ce neda\u0159\u00ed tak, jak by si ji p\u0159edstavoval. Je \u010d\u00edm d\u00e1l v\u00edce vy\u017eadov\u00e1na zejm\u00e9na v pom\u00e1haj\u00edc\u00edch profes\u00edch (\u0161kolstv\u00ed, zdravotnictv\u00ed apod.)<\/p>\n<p>P\u0159\u00edpadov\u00e1 supervize se li\u0161\u00ed od tzv. supervize t\u00fdmov\u00e9, kter\u00e1 je zam\u011b\u0159ena na fungov\u00e1n\u00ed skupiny (management, pracovn\u00ed kolektiv apod.). P\u0159\u00edpadov\u00e1 supervize je zam\u011b\u0159ena na pr\u00e1ci jedince (nebo skupiny) s klientem (pacientem). P\u0159edstavuje tak d\u016fle\u017eitou oblast profesn\u00edho r\u016fstu.<\/p>\n<p>C\u00edlem supervize tak m\u016f\u017ee b\u00fdt vy\u0161\u0161\u00ed uspokojen\u00ed z pr\u00e1ce, zv\u00fd\u0161en\u00ed jej\u00ed kvality a efektivity, nebo prevence profesn\u00edho vyho\u0159en\u00ed. Je prosp\u011b\u0161n\u00e1 supervidovan\u00e9mu, i jeho klient\u016fm (pacient\u016fm).<\/p>\n<p>Moje supervize vych\u00e1z\u00ed z princip\u016f a pravidel \u010cIS (\u010cesk\u00e9ho institutu pro supervizi), jeho\u017e jsem \u010dlenem. Supervizo\u0159i \u010cIS jsou zku\u0161en\u00ed odborn\u00edci s vysoko\u0161kolsk\u00fdm vzd\u011bl\u00e1n\u00edm humanitn\u00edho sm\u011bru nebo medic\u00edny, maj\u00ed minim\u00e1ln\u011b 15 let praxe v pom\u00e1haj\u00edc\u00edch profes\u00edch, zku\u0161enost s dlouhodob\u00fdm veden\u00edm lid\u00ed (vzd\u011bl\u00e1vac\u00edho programu nebo t\u00fdmu). Maj\u00ed dokon\u010den\u00fd psychoterapeutick\u00fd v\u00fdcvik akreditovan\u00fd \u010deskou psychoterapeutickou spole\u010dnost\u00ed.<\/p>\n<p>Se \u017e\u00e1dost\u00ed o supervizi se obracejte prost\u0159ednictv\u00edm mailov\u00e9 adresy Info(at)SebeStart.cz.<\/p>\n","protected":false},"excerpt":{"rendered":"<p>Superviz\u00ed obecn\u011b rozum\u00edme bezpe\u010dnou, laskavou a obohacuj\u00edc\u00ed zku\u0161enost. Slou\u017e\u00ed k profesn\u00edmu r\u016fstu. Nejde tedy o \u017e\u00e1dn\u00e9 &#8222;mistrov\u00e1n\u00ed&#8220;, kontrolu, hodnocen\u00ed nebo pou\u010dov\u00e1n\u00ed. Supervizor je pr\u016fvodcem, kter\u00fd pom\u00e1h\u00e1 supervidovan\u00e9mu jedinci nebo t\u00fdmu reflektovat vlastn\u00ed pr\u00e1ci a pochopit, pro\u010d se n\u011bkdy pr\u00e1ce neda\u0159\u00ed tak, jak by si ji p\u0159edstavoval. Je \u010d\u00edm d\u00e1l v\u00edce vy\u017eadov\u00e1na zejm\u00e9na v pom\u00e1haj\u00edc\u00edch profes\u00edch &#8230; <a title=\"Supervize\" class=\"read-more\" href=\"https:\/\/www.sebestart.cz\/index.php\/supervize\/\">\u010c\u00edst d\u00e1l<span class=\"screen-reader-text\">Supervize<\/span><\/a><\/p>\n","protected":false},"author":1,"featured_media":0,"parent":0,"menu_order":0,"comment_status":"closed","ping_status":"closed","template":"","meta":{"footnotes":""},"class_list":["post-33","page","type-page","status-publish"],"_links":{"self":[{"href":"https:\/\/www.sebestart.cz\/index.php\/wp-json\/wp\/v2\/pages\/33","targetHints":{"allow":["GET"]}}],"collection":[{"href":"https:\/\/www.sebestart.cz\/index.php\/wp-json\/wp\/v2\/pages"}],"about":[{"href":"https:\/\/www.sebestart.cz\/index.php\/wp-json\/wp\/v2\/types\/page"}],"author":[{"embeddable":true,"href":"https:\/\/www.sebestart.cz\/index.php\/wp-json\/wp\/v2\/users\/1"}],"replies":[{"embeddable":true,"href":"https:\/\/www.sebestart.cz\/index.php\/wp-json\/wp\/v2\/comments?post=33"}],"version-history":[{"count":6,"href":"https:\/\/www.sebestart.cz\/index.php\/wp-json\/wp\/v2\/pages\/33\/revisions"}],"predecessor-version":[{"id":258,"href":"https:\/\/www.sebestart.cz\/index.php\/wp-json\/wp\/v2\/pages\/33\/revisions\/258"}],"wp:attachment":[{"href":"https:\/\/www.sebestart.cz\/index.php\/wp-json\/wp\/v2\/media?parent=33"}],"curies":[{"name":"wp","href":"https:\/\/api.w.org\/{rel}","templated":true}]}}