{"id":435,"date":"2026-03-26T20:19:47","date_gmt":"2026-03-26T20:19:47","guid":{"rendered":"https:\/\/www.sebestart.cz\/?page_id=435"},"modified":"2026-03-26T20:32:51","modified_gmt":"2026-03-26T20:32:51","slug":"gdpr","status":"publish","type":"page","link":"https:\/\/www.sebestart.cz\/index.php\/gdpr\/","title":{"rendered":"GDPR"},"content":{"rendered":"\n<p><strong>Prohl\u00e1\u0161en\u00ed o zpracov\u00e1n\u00ed osobn\u00edch \u00fadaj\u016f<\/strong><\/p>\n\n\n\n<p>T\u00edmto pln\u00edme svou informa\u010dn\u00ed povinnost a sd\u011blujeme, jak\u00e9 osobn\u00ed \u00fadaje shroma\u017e\u010fujeme, za jak\u00fdmi \u00fa\u010dely jsou vyu\u017e\u00edv\u00e1ny. D\u00e1le zde najdete informaci, kde m\u016f\u017eete z\u00edskat podrobnosti o sv\u00fdch osobn\u00edch \u00fadaj\u00edch, kter\u00e9 shroma\u017e\u010fujeme a zpracov\u00e1v\u00e1me. <\/p>\n\n\n\n<p><strong>Spr\u00e1vce osobn\u00edch \u00fadaj\u016f:<\/strong> <strong>Ordinace klinick\u00e9 psychologie<\/strong>, <strong>\u010ceskoslovensk\u00e9 arm\u00e1dy 2172\/74<\/strong> <strong>Most<\/strong> PS\u010c <strong>434 01<\/strong>, <strong>I\u010c: 03954722<\/strong> (d\u00e1le jen \u201eSpr\u00e1vce\u201c nebo\u201cOrdinace\u201c). <\/p>\n\n\n\n<p><strong>Kontakt na Pov\u011b\u0159ence pro ochranu osobn\u00edch \u00fadaj\u016f: info(zavin\u00e1\u010d)sebestart.cz<\/strong><\/p>\n\n\n\n<p><strong>Jak\u00e9 osobn\u00ed \u00fadaje a po jakou dobu o V\u00e1s zpracov\u00e1v\u00e1me?<\/strong><strong><\/strong><\/p>\n\n\n\n<p>Osobn\u00ed \u00fadaje a \u00fadaje zvl\u00e1\u0161tn\u00ed kategorie Ordinace zpracov\u00e1v\u00e1 v souladu s Na\u0159\u00edzen\u00edm Evropsk\u00e9ho parlamentu a Rady (EU) 2016\/679 ze dne 27. dubna 2016 o ochran\u011b fyzick\u00fdch osob v souvislosti se zpracov\u00e1n\u00edm osobn\u00edch \u00fadaj\u016f a o voln\u00e9m pohybu t\u011bchto \u00fadaj\u016f a o zru\u0161en\u00ed sm\u011brnice 95\/46\/ES (obecn\u00e9 na\u0159\u00edzen\u00ed o ochran\u011b osobn\u00edch \u00fadaj\u016f; d\u00e1le jen \u201eNa\u0159\u00edzen\u00ed\u201c) a d\u00e1le v souladu s vnitrost\u00e1tn\u00edmi pr\u00e1vn\u00edmi p\u0159edpisy v oblasti ochrany osobn\u00edch \u00fadaj\u016f.<\/p>\n\n\n\n<p><strong>Vedeme datab\u00e1zi osobn\u00edch a citliv\u00fdch \u00fadaj\u016f sv\u00fdch pacient\u016f a jsme spr\u00e1vci t\u011bchto \u00fadaj\u016f:<\/strong><\/p>\n\n\n\n<ul class=\"wp-block-list\">\n<li>osobn\u00ed \u00fadaje a \u00fadaje zvl\u00e1\u0161tn\u00ed kategorie, kter\u00e9 Ordinace shroma\u017e\u010fuje a zpracov\u00e1v\u00e1 v souvislosti s poskytov\u00e1n\u00edm zdravotn\u00edch slu\u017eeb (zdravotnick\u00e1 dokumentace),<\/li>\n\n\n\n<li>osobn\u00ed \u00fadaje k jednozna\u010dn\u00e9 a nezam\u011bniteln\u00e9 identifikaci,<\/li>\n\n\n\n<li>osobn\u00ed \u00fadaje umo\u017e\u0148uj\u00edc\u00ed Ordinaci kontakt s V\u00e1mi,<\/li>\n\n\n\n<li>osobn\u00ed \u00fadaje souvisej\u00edc\u00ed se vz\u00e1jemn\u00fdmi vztahy Ordinace a pacienta,<\/li>\n\n\n\n<li>osobn\u00ed \u00fadaje slou\u017e\u00edc\u00ed k ochran\u011b na\u0161ich pr\u00e1v a z\u00e1jm\u016f.<\/li>\n<\/ul>\n\n\n\n<p>Osobn\u00ed \u00fadaje Ordinace zpracov\u00e1v\u00e1 v p\u0159\u00edpad\u011b pln\u011bn\u00ed z\u00e1konn\u00fdch povinnost\u00ed po dobu stanovenou pr\u00e1vn\u00edmi p\u0159edpisy; v p\u0159\u00edpad\u011b zpracov\u00e1n\u00ed nezbytn\u00e9ho pro spln\u011bn\u00ed smlouvy, po dobu nutnou k zaji\u0161t\u011bn\u00ed vz\u00e1jemn\u00fdch pr\u00e1v a povinnost\u00ed vypl\u00fdvaj\u00edc\u00edch ze smlouvy, tj. v\u017edy minim\u00e1ln\u011b po dobu trv\u00e1n\u00ed smlouvy; v p\u0159\u00edpad\u011b zpracov\u00e1n\u00ed na z\u00e1klad\u011b souhlasu subjektu \u00fadaj\u016f po dobu uvedenou v souhlasu \u010di do jeho odvol\u00e1n\u00ed. Po skon\u010den\u00ed doby opr\u00e1vn\u011bn\u00e9ho zpracov\u00e1n\u00ed Ordinace p\u0159est\u00e1v\u00e1 Va\u0161e osobn\u00ed \u00fadaje zpracov\u00e1vat a zajist\u00ed jejich likvidaci v souladu s pat\u0159i\u010dn\u00fdmi pr\u00e1vn\u00edmi p\u0159edpisy.<\/p>\n\n\n\n<p><strong>K jak\u00fdm \u00fa\u010del\u016fm a na z\u00e1klad\u011b, jak\u00fdch pr\u00e1vn\u00edch titul\u016f Ordinace osobn\u00ed \u00fadaje zpracov\u00e1v\u00e1?<\/strong><\/p>\n\n\n\n<ul class=\"wp-block-list\">\n<li>Pro \u00fa\u010dely veden\u00ed zdravotnick\u00e9 dokumentace a dal\u0161\u00ed \u00fa\u010dely souvisej\u00edc\u00ed s\u00a0poskytov\u00e1n\u00edm zdravotn\u00ed p\u00e9\u010de, ochrany zdrav\u00ed\u00a0\u00a0 a souvisej\u00edc\u00edch\u00a0\u00a0\u00a0 \u010dinnost\u00ed\u00a0\u00a0\u00a0\u00a0 na z\u00e1klad\u011b\u00a0\u00a0\u00a0\u00a0\u00a0 pln\u011bn\u00ed\u00a0\u00a0\u00a0 z\u00e1konn\u00fdch povinnost\u00ed\u00a0\u00a0\u00a0\u00a0 spr\u00e1vce\u00a0\u00a0\u00a0\u00a0 jako zdravotnick\u00e9ho za\u0159\u00edzen\u00ed\u00a0\u00a0 podle\u00a0\u00a0\u00a0 z\u00e1kona\u00a0\u00a0\u00a0\u00a0\u00a0 \u010d. 372\/2011\u00a0\u00a0\u00a0\u00a0 Sb. o zdravotn\u00edch\u00a0\u00a0 slu\u017eb\u00e1ch a podm\u00ednk\u00e1ch \u00a0jejich poskytov\u00e1n\u00ed, ve zn\u011bn\u00ed pozd\u011bj\u0161\u00edch p\u0159edpis\u016f, z\u00e1kona \u010d. 373\/2011 Sb., o specifick\u00fdch zdravotn\u00edch slu\u017eb\u00e1ch, ve zn\u011bn\u00ed pozd\u011bj\u0161\u00edch p\u0159edpis\u016f, a dal\u0161\u00edch platn\u00fdch pr\u00e1vn\u00edch p\u0159edpis\u016f v oblasti zdravotnictv\u00ed.<\/li>\n\n\n\n<li>Pro \u00fa\u010dely realizace smluvn\u00edho vztahu se subjektem \u00fadaj\u016f p\u0159i poskytov\u00e1n\u00ed zdravotnick\u00fdch slu\u017eeb, tzn. jedn\u00e1n\u00ed o uzav\u0159en\u00ed smlouvy nebo o jej\u00ed zm\u011bn\u011b, oboustrann\u00e9 pln\u011bn\u00ed pr\u00e1v a povinnost\u00ed ze smlouvy, a d\u00e1le ochrana pr\u00e1v a pr\u00e1vem chr\u00e1n\u011bn\u00fdch z\u00e1jm\u016f spr\u00e1vce (zejm\u00e9na zaji\u0161t\u011bn\u00ed a uplatn\u011bn\u00ed pr\u00e1vn\u00edch n\u00e1rok\u016f ze smlouvy).<\/li>\n\n\n\n<li>Pro svou vnit\u0159n\u00ed pot\u0159ebu, p\u0159edev\u0161\u00edm pro ochranu na\u0161ich pr\u00e1v a opr\u00e1vn\u011bn\u00fdch z\u00e1jm\u016f, zejm\u00e9na k vyhodnocov\u00e1n\u00ed mo\u017en\u00fdch rizik, ke sledov\u00e1n\u00ed kvality slu\u017eeb a optimalizaci poskytovan\u00fdch slu\u017eeb.<br>Pro obchodn\u00ed a marketingov\u00e9 \u00fa\u010dely, tzn. zejm\u00e9na nab\u00edzen\u00ed dal\u0161\u00edch s poskytnutou slu\u017ebou nesouvisej\u00edc\u00edch slu\u017eeb, v\u010detn\u011b \u0161\u00ed\u0159en\u00ed obchodn\u00edch sd\u011blen\u00ed, podle z\u00e1kona \u010d. 480\/2004 Sb., o n\u011bkter\u00fdch slu\u017eb\u00e1ch informa\u010dn\u00ed spole\u010dnosti, ve zn\u011bn\u00ed pozd\u011bj\u0161\u00edch p\u0159edpis\u016f, a to na z\u00e1klad\u011b dobrovoln\u011b poskytnut\u00e9ho souhlasu se zpracov\u00e1n\u00edm osobn\u00edch \u00fadaj\u016f.<\/li>\n<\/ul>\n\n\n\n<p>V p\u0159\u00edpad\u011b dobrovoln\u00e9ho poskytnut\u00e9ho souhlasu je pouze na Va\u0161em svobodn\u00e9m rozhodnut\u00ed, zda sv\u016fj souhlas v n\u00e1mi navr\u017een\u00e9m rozsahu poskytnete. Rozsahem poskytnut\u00e9ho souhlasu je Ordinace v\u00e1z\u00e1na. Poskytnut\u00fd souhlas je mo\u017en\u00e9 kdykoliv odvolat. V p\u0159\u00edpad\u011b, \u017ee souhlas odvol\u00e1te, je Ordinace povinna ukon\u010dit zpracov\u00e1n\u00ed Va\u0161ich osobn\u00edch \u00fadaj\u016f zpracovan\u00fdch na z\u00e1klad\u011b poskytnut\u00e9ho souhlasu v p\u0159im\u011b\u0159en\u00e9 dob\u011b, kter\u00e1 odpov\u00edd\u00e1 technick\u00fdm a administrativn\u00edm mo\u017enostem Ordinace. Souhlas se zpracov\u00e1n\u00edm osobn\u00edch \u00fadaj\u016f m\u016f\u017eete op\u011btovn\u011b Ordinaci ud\u011blit.<\/p>\n\n\n\n<p><strong>Komu Ordinace m\u016f\u017ee anebo mus\u00ed osobn\u00ed \u00fadaje poskytnout?<\/strong><\/p>\n\n\n\n<ul class=\"wp-block-list\">\n<li>Zdravotn\u00edm za\u0159\u00edzen\u00edm, rejst\u0159\u00edk\u016fm, st\u00e1tn\u00edm organizac\u00edm, kter\u00e9 vstupuj\u00ed do procesu evidence, l\u00e9\u010dby, kontroly a kontaktu s pacientem;<\/li>\n<\/ul>\n\n\n\n<ul class=\"wp-block-list\">\n<li>St\u00e1tn\u00edm org\u00e1n\u016fm, resp. subjekt\u016fm ve\u0159ejn\u00e9 moci v p\u0159\u00edpadech, kdy Ordinace poskytnut\u00ed osobn\u00edch \u00fadaj\u016f ukl\u00e1daj\u00ed z\u00e1kony \u2013 jde zejm\u00e9na o org\u00e1ny st\u00e1tn\u00ed spr\u00e1vy, soudy, org\u00e1ny \u010dinn\u00e9 v trestn\u00edm \u0159\u00edzen\u00ed, org\u00e1ny dohledu, exekutory, not\u00e1\u0159e, insolven\u010dn\u00ed spr\u00e1vce apod.;<\/li>\n<\/ul>\n\n\n\n<ul class=\"wp-block-list\">\n<li>Na\u0161im zpracovatel\u016fm, kte\u0159\u00ed pro Odinaci prov\u00e1d\u011bj\u00ed \u010d\u00e1ste\u010dn\u00e9 \u010di \u00fapln\u00e9 zpracov\u00e1n\u00ed osobn\u00edch \u00fadaj\u016f na z\u00e1klad\u011b p\u0159\u00edslu\u0161n\u00e9 smlouvy;<\/li>\n<\/ul>\n\n\n\n<ul class=\"wp-block-list\">\n<li>Dal\u0161\u00edm subjekt\u016fm, je-li to nezbytn\u00e9 pro ochranu na\u0161ich pr\u00e1v, nap\u0159. poji\u0161\u0165ovn\u00e1m, soud\u016fm, soudn\u00edm exekutor\u016fm, dra\u017eebn\u00edk\u016fm; rozsah poskytnut\u00fdch osobn\u00edch \u00fadaj\u016f je omezen na \u00fadaje nezbytn\u00e9 pro \u00fasp\u011b\u0161n\u00e9 uplatn\u011bn\u00ed n\u00e1roku;<\/li>\n<\/ul>\n\n\n\n<ul class=\"wp-block-list\">\n<li>Dal\u0161\u00edm subjekt\u016fm, a to s Va\u0161\u00edm souhlasem.<\/li>\n<\/ul>\n\n\n\n<p><strong>Jak\u00e1 m\u00e1te pr\u00e1va ve vztahu ke zpracov\u00e1n\u00ed osobn\u00edch \u00fadaj\u016f?<\/strong><\/p>\n\n\n\n<ul class=\"wp-block-list\">\n<li>Vy\u017e\u00e1dat si informaci o tom, jak\u00e9 osobn\u00ed \u00fadaje o V\u00e1s Ordinace zpracov\u00e1v\u00e1, jako\u017eto uplatnit i dal\u0161\u00ed n\u00ed\u017ee uveden\u00e1 pr\u00e1va m\u016f\u017eete na adrese:<strong>Ordinace klinick\u00e9 psychologie, \u010ceskoslovensk\u00e9 arm\u00e1dy 2172\/74<\/strong> <strong>Most 434 01<\/strong><\/li>\n\n\n\n<li>Nebo datovou schr\u00e1nkou: <strong>ffpqeyz<\/strong><\/li>\n\n\n\n<li>Nebo na e-mailov\u00e9 adrese: Info[zavin\u00e1\u010d]sebestart.cz<\/li>\n<\/ul>\n\n\n\n<p>Jako subjekt \u00fadaj\u016f jste opr\u00e1vn\u011bn po\u017eadovat informaci, zda osobn\u00ed \u00fadaje, kter\u00e9 se V\u00e1s t\u00fdkaj\u00ed, jsou \u010di nejsou Ordinac\u00ed zpracov\u00e1v\u00e1ny, a pokud je tomu tak, m\u00e1te pr\u00e1vo z\u00edskat p\u0159\u00edstup k t\u011bmto osobn\u00edm \u00fadaj\u016fm a k informac\u00edm o:<\/p>\n\n\n\n<ul class=\"wp-block-list\">\n<li>\u00fa\u010delu zpracov\u00e1n\u00ed osobn\u00edch \u00fadaj\u016f,<\/li>\n<\/ul>\n\n\n\n<ul class=\"wp-block-list\">\n<li>kategorii dot\u010den\u00fdch osobn\u00edch \u00fadaj\u016f, p\u0159\u00edjemci nebo kategorii p\u0159\u00edjemc\u016f osobn\u00edch \u00fadaj\u016f,<\/li>\n<\/ul>\n\n\n\n<ul class=\"wp-block-list\">\n<li>dob\u011b, po kterou budou osobn\u00ed \u00fadaje uchov\u00e1v\u00e1ny,<\/li>\n<\/ul>\n\n\n\n<ul class=\"wp-block-list\">\n<li>zdroj\u00edch osobn\u00edch \u00fadaj\u016f,<\/li>\n<\/ul>\n\n\n\n<ul class=\"wp-block-list\">\n<li>skute\u010dnosti, zda doch\u00e1z\u00ed k automatizovan\u00e9mu rozhodov\u00e1n\u00ed, v\u010detn\u011b profilov\u00e1n\u00ed.<\/li>\n<\/ul>\n\n\n\n<p>Ordinace V\u00e1m poskytne prvn\u00ed kopii zpracov\u00e1van\u00fdch osobn\u00edch \u00fadaj\u016f bezplatn\u011b. Za dal\u0161\u00ed kopie \u010di v p\u0159\u00edpad\u011b, \u017ee je \u017e\u00e1dost zjevn\u011b ned\u016fvodn\u00e1 nebo nep\u0159im\u011b\u0159en\u00e1, m\u016f\u017ee Ordinace po\u017eadovat \u00fahradu n\u00e1klad\u016f spojen\u00fdch s poskytnut\u00edm informace, nap\u0159. n\u00e1klady na po\u0161tovn\u00e9.<\/p>\n\n\n\n<p>V p\u0159\u00edpad\u011b, \u017ee jste osobn\u00ed \u00fadaje poskytli Ordinaci na z\u00e1klad\u011b souhlasu, m\u00e1te pr\u00e1vo:<\/p>\n\n\n\n<ul class=\"wp-block-list\">\n<li>z\u00edskat osobn\u00ed \u00fadaje, kter\u00e9 se V\u00e1s t\u00fdkaj\u00ed, ve strukturovan\u00e9m, b\u011b\u017en\u011b pou\u017e\u00edvan\u00e9m a strojov\u011b \u010diteln\u00e9m form\u00e1tu, a pr\u00e1vo p\u0159edat tyto \u00fadaje jin\u00e9mu spr\u00e1vci,<\/li>\n<\/ul>\n\n\n\n<ul class=\"wp-block-list\">\n<li>na to, aby osobn\u00ed \u00fadaje byly p\u0159ed\u00e1ny p\u0159\u00edmo jedn\u00edm spr\u00e1vcem spr\u00e1vci druh\u00e9mu, je-li to technicky provediteln\u00e9.<\/li>\n<\/ul>\n\n\n\n<p>Pokud zjist\u00edte nebo pokud se domn\u00edv\u00e1te, \u017ee p\u0159i zpracov\u00e1n\u00ed Va\u0161ich osobn\u00edch \u00fadaj\u016f do\u0161lo ze strany Ordinace k poru\u0161en\u00ed Va\u0161ich pr\u00e1v \u010di k poru\u0161en\u00ed povinnost\u00ed stanoven\u00fdch Na\u0159\u00edzen\u00edm \u010di vnitrost\u00e1tn\u00edmi pr\u00e1vn\u00edmi p\u0159edpisy v oblasti ochrany osobn\u00edch \u00fadaj\u016f, m\u016f\u017eete se dom\u00e1hat n\u00e1pravy s vyu\u017eit\u00edm v\u0161ech prost\u0159edk\u016f, kter\u00e9 subjektu \u00fadaj\u016f k tomu platn\u00e1 pr\u00e1vn\u00ed \u00faprava poskytuje, zejm\u00e9na m\u016f\u017eete Ordinaci po\u017e\u00e1dat o:<\/p>\n\n\n\n<ul class=\"wp-block-list\">\n<li>opravu \u010di v\u00fdmaz (likvidaci) t\u011bchto osobn\u00edch \u00fadaj\u016f (vyjma p\u0159\u00edpadu, kdy je zpracov\u00e1n\u00ed nezbytn\u00e9 pro spln\u011bn\u00ed pr\u00e1vn\u00ed povinnosti), pop\u0159\u00edpad\u011b<\/li>\n\n\n\n<li>omezen\u00ed (blokaci) zpracov\u00e1n\u00ed.<\/li>\n<\/ul>\n\n\n\n<p>Ordinace V\u00e1s v\u017edy bez zbyte\u010dn\u00e9ho odkladu, v ka\u017ed\u00e9m p\u0159\u00edpad\u011b do jednoho m\u011bs\u00edce od obdr\u017een\u00ed \u017e\u00e1dosti, bude informovat o vy\u0159\u00edzen\u00ed Va\u0161\u00ed \u017e\u00e1dosti.<\/p>\n\n\n\n<p>Se sv\u00fdmi podn\u011bty se m\u016f\u017eete obr\u00e1tit i p\u0159\u00edmo na \u00da\u0159ad pro ochranu osobn\u00edch \u00fadaj\u016f.<\/p>\n\n\n\n<p>\u00da\u0159ad pro ochranu osobn\u00edch \u00fadaj\u016f<\/p>\n\n\n\n<p>adresa: Pplk. Sochora 27, 170 00 Praha 7<\/p>\n\n\n\n<p>tel.: 234 665 111 web: <a href=\"http:\/\/www.uoou.cz\/\">www.uoou.cz<\/a><\/p>\n\n\n\n<p><strong>Zm\u011bna va\u0161ich osobn\u00edch \u00fadaj\u016f<\/strong><\/p>\n\n\n\n<p>Pro n\u00e1le\u017eit\u00e9 a spr\u00e1vn\u00e9 zpracov\u00e1n\u00ed je t\u0159eba Ordinaci ozn\u00e1mit jakoukoliv zm\u011bnu Va\u0161ich osobn\u00edch \u00fadaj\u016f, ke kter\u00e9 dojde.<\/p>\n","protected":false},"excerpt":{"rendered":"<p>Prohl\u00e1\u0161en\u00ed o zpracov\u00e1n\u00ed osobn\u00edch \u00fadaj\u016f T\u00edmto pln\u00edme svou informa\u010dn\u00ed povinnost a sd\u011blujeme, jak\u00e9 osobn\u00ed \u00fadaje shroma\u017e\u010fujeme, za jak\u00fdmi \u00fa\u010dely jsou vyu\u017e\u00edv\u00e1ny. D\u00e1le zde najdete informaci, kde m\u016f\u017eete z\u00edskat podrobnosti o sv\u00fdch osobn\u00edch \u00fadaj\u00edch, kter\u00e9 shroma\u017e\u010fujeme a zpracov\u00e1v\u00e1me. Spr\u00e1vce osobn\u00edch \u00fadaj\u016f: Ordinace klinick\u00e9 psychologie, \u010ceskoslovensk\u00e9 arm\u00e1dy 2172\/74 Most PS\u010c 434 01, I\u010c: 03954722 (d\u00e1le jen \u201eSpr\u00e1vce\u201c &#8230; <a title=\"GDPR\" class=\"read-more\" href=\"https:\/\/www.sebestart.cz\/index.php\/gdpr\/\">\u010c\u00edst d\u00e1l<span class=\"screen-reader-text\">GDPR<\/span><\/a><\/p>\n","protected":false},"author":1,"featured_media":0,"parent":0,"menu_order":0,"comment_status":"closed","ping_status":"closed","template":"","meta":{"footnotes":""},"class_list":["post-435","page","type-page","status-publish"],"_links":{"self":[{"href":"https:\/\/www.sebestart.cz\/index.php\/wp-json\/wp\/v2\/pages\/435","targetHints":{"allow":["GET"]}}],"collection":[{"href":"https:\/\/www.sebestart.cz\/index.php\/wp-json\/wp\/v2\/pages"}],"about":[{"href":"https:\/\/www.sebestart.cz\/index.php\/wp-json\/wp\/v2\/types\/page"}],"author":[{"embeddable":true,"href":"https:\/\/www.sebestart.cz\/index.php\/wp-json\/wp\/v2\/users\/1"}],"replies":[{"embeddable":true,"href":"https:\/\/www.sebestart.cz\/index.php\/wp-json\/wp\/v2\/comments?post=435"}],"version-history":[{"count":4,"href":"https:\/\/www.sebestart.cz\/index.php\/wp-json\/wp\/v2\/pages\/435\/revisions"}],"predecessor-version":[{"id":444,"href":"https:\/\/www.sebestart.cz\/index.php\/wp-json\/wp\/v2\/pages\/435\/revisions\/444"}],"wp:attachment":[{"href":"https:\/\/www.sebestart.cz\/index.php\/wp-json\/wp\/v2\/media?parent=435"}],"curies":[{"name":"wp","href":"https:\/\/api.w.org\/{rel}","templated":true}]}}