{"id":8,"date":"2019-06-17T11:17:40","date_gmt":"2019-06-17T11:17:40","guid":{"rendered":"http:\/\/www.sebestart.cz\/?page_id=8"},"modified":"2024-01-02T15:27:58","modified_gmt":"2024-01-02T15:27:58","slug":"o-nas","status":"publish","type":"page","link":"https:\/\/www.sebestart.cz\/index.php\/o-nas\/","title":{"rendered":"O mn\u011b"},"content":{"rendered":"<p><span style=\"color: #0000ff;\"><strong>MUDr. PhDr. Lud\u011bk Dvo\u0159\u00e1k<\/strong><\/span>: <strong>Klinick\u00fd a dopravn\u00ed psycholog, \u0161kolitel, supervizor<\/strong>:<\/p>\n<p>Sou\u010dasn\u011b se studiem <strong>LF UK<\/strong> v Praze jsem vystudoval i <strong>jednooborovou psychologii na FF UK<\/strong> v Praze, kde jsem tak\u00e9 slo\u017eil <strong>doktor\u00e1t z klinick\u00e9 psychologie<\/strong>. <strong>Atestoval <\/strong>jsem <strong>z klinick\u00e9 psychologie<\/strong> a z\u00edskal funk\u010dn\u00ed specializaci v <strong>systematick\u00e9 psychoterapii<\/strong> (IPVZ). Jsem registrov\u00e1n na MZ \u010cR a vykon\u00e1v\u00e1m zdravotnick\u00e9 povol\u00e1n\u00ed bez odborn\u00e9ho dohledu a pracuji jako <strong>\u0161kolitel<\/strong> klinick\u00fdch psycholog\u016f v p\u0159edatesta\u010dn\u00ed p\u0159\u00edprav\u011b. Provozuji priv\u00e1tn\u00ed ordinaci klinick\u00e9 psychologie a m\u00e1m smlouvu se v\u0161emi zdravotn\u00edmi poji\u0161\u0165ovnami b\u011b\u017en\u00fdmi v na\u0161em regionu.<\/p>\n<p>M\u00e1m ukon\u010den\u00fd <strong>v\u00fdcvik pro supervizory terapeut\u016f<\/strong> (\u010cIS), v\u00fdcvik v <strong>ericksonovsk\u00e9 hypn\u00f3ze<\/strong> (Dalet), v <strong>Sand Tray Therapy<\/strong> (u Madeleine De Little, British Columbia), v <strong>Modelu r\u016fstu Virginie Satirov\u00e9<\/strong> (IVS \u010cR), <strong>v rodinn\u00e9 a p\u00e1rov\u00e9 terapii STAR-TR<\/strong> (IVS SR Bratislava) a <strong>v\u00fdcvik v relaxa\u010dn\u00edch technik\u00e1ch<\/strong> v Pracovn\u00ed skupin\u011b autogenn\u00edho tr\u00e9ninku v Sekci hypn\u00f3zy PS \u010cLS JEP. D\u00e1le se vzd\u011bl\u00e1v\u00e1m v <strong>psychoanalytick\u00e9 psychoterapii<\/strong> (skupinov\u00e1 sekce \u010cSPAP). Absolvoval jsem dvoulet\u00fd postgradu\u00e1ln\u00ed <strong>v\u00fdcvik v dopravn\u00ed psychologii<\/strong> na Univerzit\u011b Palack\u00e9ho v Olomouci.<\/p>\n<p>Jsem \u010dlenem <strong>\u010cLK<\/strong> (\u010cesk\u00e9 l\u00e9ka\u0159sk\u00e9 komory), <strong>\u010cIS<\/strong> (\u010cesk\u00e9ho institutu pro supervizi) a <strong>\u010cSPAP<\/strong> (\u010cesk\u00e9 spole\u010dnosti pro psychoanalytickou psychoterapii).<\/p>\n\n\n<p><\/p>\n","protected":false},"excerpt":{"rendered":"<p>MUDr. PhDr. Lud\u011bk Dvo\u0159\u00e1k: Klinick\u00fd a dopravn\u00ed psycholog, \u0161kolitel, supervizor: Sou\u010dasn\u011b se studiem LF UK v Praze jsem vystudoval i jednooborovou psychologii na FF UK v Praze, kde jsem tak\u00e9 slo\u017eil doktor\u00e1t z klinick\u00e9 psychologie. Atestoval jsem z klinick\u00e9 psychologie a z\u00edskal funk\u010dn\u00ed specializaci v systematick\u00e9 psychoterapii (IPVZ). Jsem registrov\u00e1n na MZ \u010cR a vykon\u00e1v\u00e1m &#8230; <a title=\"O mn\u011b\" class=\"read-more\" href=\"https:\/\/www.sebestart.cz\/index.php\/o-nas\/\">\u010c\u00edst d\u00e1l<span class=\"screen-reader-text\">O mn\u011b<\/span><\/a><\/p>\n","protected":false},"author":1,"featured_media":0,"parent":0,"menu_order":0,"comment_status":"closed","ping_status":"closed","template":"","meta":{"footnotes":""},"class_list":["post-8","page","type-page","status-publish"],"_links":{"self":[{"href":"https:\/\/www.sebestart.cz\/index.php\/wp-json\/wp\/v2\/pages\/8","targetHints":{"allow":["GET"]}}],"collection":[{"href":"https:\/\/www.sebestart.cz\/index.php\/wp-json\/wp\/v2\/pages"}],"about":[{"href":"https:\/\/www.sebestart.cz\/index.php\/wp-json\/wp\/v2\/types\/page"}],"author":[{"embeddable":true,"href":"https:\/\/www.sebestart.cz\/index.php\/wp-json\/wp\/v2\/users\/1"}],"replies":[{"embeddable":true,"href":"https:\/\/www.sebestart.cz\/index.php\/wp-json\/wp\/v2\/comments?post=8"}],"version-history":[{"count":12,"href":"https:\/\/www.sebestart.cz\/index.php\/wp-json\/wp\/v2\/pages\/8\/revisions"}],"predecessor-version":[{"id":345,"href":"https:\/\/www.sebestart.cz\/index.php\/wp-json\/wp\/v2\/pages\/8\/revisions\/345"}],"wp:attachment":[{"href":"https:\/\/www.sebestart.cz\/index.php\/wp-json\/wp\/v2\/media?parent=8"}],"curies":[{"name":"wp","href":"https:\/\/api.w.org\/{rel}","templated":true}]}}