{"id":9,"date":"2019-06-17T11:17:40","date_gmt":"2019-06-17T11:17:40","guid":{"rendered":"http:\/\/www.sebestart.cz\/?page_id=9"},"modified":"2025-07-01T20:27:35","modified_gmt":"2025-07-01T20:27:35","slug":"kontakt","status":"publish","type":"page","link":"https:\/\/www.sebestart.cz\/index.php\/kontakt\/","title":{"rendered":"Kontakt"},"content":{"rendered":"<p>Kontaktujte m\u011b, pros\u00edm, v\u00fdhradn\u011b <strong>e-mailem<\/strong> na adrese <strong>info<span style=\"color: #0000ff;\">[zavin\u00e1\u010d]<\/span>SebeStart.cz<\/strong>. Dr\u017ete se n\u00e1sleduj\u00edc\u00edho seznamu, \u017e\u00e1dn\u00fd bod nevynech\u00e1vejte. Do zpr\u00e1vy uve\u010fte:<\/p>\n<hr \/>\n<ol>\n<li>Va\u0161e <span style=\"color: #0000ff;\"><strong>jm\u00e9no, p\u0159\u00edjmen\u00ed <\/strong><\/span>(a event. <span style=\"color: #0000ff;\">titul<\/span>)<\/li>\n<li>Va\u0161e <span style=\"color: #0000ff;\"><strong>trval\u00e9 bydli\u0161t\u011b<\/strong><\/span><\/li>\n<li>Platn\u00fd <span style=\"color: #0000ff;\"><strong>tel. kontakt<\/strong><\/span> na V\u00e1s, na kter\u00e9m budete k zasti\u017een\u00ed<\/li>\n<li>Va\u0161i <span style=\"color: #0000ff;\"><strong>e-mailovou adresu<\/strong><\/span>, je-li jin\u00e1, ne\u017e ze kter\u00e9 pr\u00e1v\u011b p\u00ed\u0161ete<\/li>\n<li><span style=\"text-decoration: underline;\"><strong>Ve stru\u010dnosti<\/strong><\/span>, <strong><span style=\"color: #0000ff;\">jak\u00e9 m\u00e1te pot\u00ed\u017ee<\/span>:<\/strong> opravdu nem\u00e1 smysl ps\u00e1t dlouh\u00e1 pojedn\u00e1n\u00ed, sna\u017ete se, pros\u00edm, b\u00fdt stru\u010dn\u00ed a v\u00fdsti\u017en\u00ed, ale p\u0159edev\u0161\u00edm konkr\u00e9tn\u00ed &#8211; tedy nikoli &#8222;<em>pro psychick\u00e9 pot\u00ed\u017ee<\/em>&#8220; nebo &#8222;<em>proto\u017ee nezvl\u00e1d\u00e1m \u017eivot<\/em>&#8220; nebo &#8222;<em>proto\u017ee m\u011b pos\u00edl\u00e1 pan\u00ed doktorka<\/em>&#8222;, <em>&#8222;proto\u017ee chci \u017e\u00e1dat o invalidn\u00ed d\u016fchod&#8220;,<\/em> ale nap\u0159. &#8222;<em>pro dlouhodob\u00e9 \u00fazkosti spojen\u00e9 s \u017ealude\u010dn\u00ed nevolnost\u00ed a obt\u00ed\u017en\u00fdm d\u00fdch\u00e1n\u00edm<\/em>&#8220; nebo &#8222;pro poruchy pam\u011bti&#8220; apod. <span style=\"text-decoration: underline;\"><strong>Jak jsou \u010dast\u00e9, jak se projevuj\u00ed a jak dlouho tyto pot\u00ed\u017ee trvaj\u00ed<\/strong><\/span>?<strong>U\u017e\u00edv\u00e1te kv\u016fli t\u011bmto obt\u00ed\u017e\u00edm v sou\u010dasnosti n\u011bjak\u00e9 l\u00e9ky<\/strong>? <span style=\"text-decoration: underline;\"><strong>Jak\u00e9<\/strong><strong> a jak dlouho<\/strong><\/span>?<\/li>\n<li><span style=\"color: #0000ff;\"><strong>Zda jste u\u017e v minulosti byli<\/strong> \u010di jste <strong>v p\u00e9\u010di psychologa \u010di psychiatra <\/strong><\/span>(vy\u0161et\u0159en\u00ed, terapie) <strong>&#8211; a <span style=\"color: #0000ff;\">kde<\/span> &#8211; <\/strong>a zda <span style=\"color: #0000ff;\"><strong>pro sou\u010dasn\u00e9 <\/strong>\u010di <strong>jin\u00e9 obt\u00ed\u017ee <\/strong><\/span>(jak\u00e9 to byly?). <strong><br \/>\n<\/strong><\/li>\n<li>Va\u0161e <span style=\"color: #0000ff;\"><strong>sou\u010dasn\u00e9 povol\u00e1n\u00ed<\/strong><\/span>, event. <span style=\"text-decoration: underline;\"><strong>jak dlouho<\/strong><\/span> jste na<span style=\"color: #0000ff;\"> <strong>neschopence, rodi\u010dovsk\u00e9 nebo mate\u0159sk\u00e9 dovolen\u00e9<\/strong><\/span> \u010di <span style=\"text-decoration: underline;\"><strong>jak dlouho jste vedeni<\/strong><\/span> na <span style=\"color: #0000ff;\"><strong>\u00da\u0159adu pr\u00e1ce<\/strong><\/span><span style=\"color: #000000;\">.<\/span><\/li>\n<li>\u010citeln\u011b naskenovanou <span style=\"color: #0000ff;\"><strong>karti\u010dku Va\u0161\u00ed zdravotn\u00ed poji\u0161\u0165ovny <\/strong><\/span>(jen z p\u0159edn\u00ed strany) &#8211; ve form\u00e1tu <strong>*.pdf, *.jpeg, *.png nebo *.gif.<\/strong> Nepou\u017e\u00edvejte, pros\u00edm, exotick\u00e9 form\u00e1ty typu *.heic (a podobn\u011b), kter\u00e9 se daj\u00ed otev\u0159\u00edt v mobilu, ale v po\u010d\u00edta\u010di jen obt\u00ed\u017en\u011b. Dokumenty rad\u011bji <strong>skenujte<\/strong> (z nouze lze pou\u017e\u00edt \u010diteln\u00e1 fotka &#8211; \u010ditelnost ale p\u0159ed odesl\u00e1n\u00edm zkontrolujte). Obr\u00e1zek pros\u00edm vkl\u00e1dejte tak, <strong>aby \u0161el p\u0159e\u010d\u00edst<\/strong> (nikoli nohama vzh\u016fru nebo oto\u010den\u00fd na bok). Jste-li poji\u0161t\u011bnci VZP, m\u016f\u017eete t\u00e9\u017e poslat printscreen se zobrazen\u00edm <em>elektronick\u00e9 karti\u010dky poji\u0161t\u011bnce (pr\u016fkaz EHIC) <\/em><em>z aplikace &#8222;Moje VZP&#8220;. <\/em><strong><br \/>\n<\/strong><\/li>\n<li><strong>Odes\u00edl\u00e1-li V\u00e1s praktick\u00fd l\u00e9ka\u0159<\/strong> nebo n\u011bkter\u00fd <strong>specialista <\/strong>(neurolog, psychiatr&#8230;), p\u0159ilo\u017ete <strong>\u010diteln\u011b naskenovanou <span style=\"color: #0000ff;\">\u017e\u00e1danku (&#8222;Poukaz na vy\u0161et\u0159en\u00ed \/ o\u0161et\u0159en\u00ed &#8222;K&#8220;).<\/span><\/strong> \u017d\u00e1danka<strong> nesm\u00ed b\u00fdt star\u0161\u00ed ne\u017e 3 m\u011bs\u00edce, <\/strong>jinak pozb\u00fdv\u00e1 platnosti. <strong>Naskenujte ji z obou stran, <\/strong>a to i kdy\u017e je druh\u00e1 strana t\u0159eba jen raz\u00edtko<strong> (<\/strong>podle stejn\u00fdch pravidel jako v p\u0159edchoz\u00edm bod\u011b). Pokud \u017e\u00e1danku vystavenou nem\u00e1te, sh\u00e1n\u011bt ji <strong>nemus\u00edte, <\/strong>jen tuto skute\u010dnost <strong><span style=\"color: #0000ff;\">uve\u010fte<\/span><\/strong>.<\/li>\n<\/ol>\n<hr \/>\n<ul>\n<li>P\u0159ed odesl\u00e1n\u00edm si pros\u00edm <span style=\"text-decoration: underline;\"><strong><span style=\"color: #ff0000; text-decoration: underline;\">zkontrolujte<\/span>,<\/strong> <\/span>\u017ee jste <span style=\"text-decoration: underline;\"><strong>nevynechali<\/strong><\/span> \u017e\u00e1dn\u00fd z v\u00fd\u0161e uveden\u00fdch bod\u016f. Na nekompletn\u00ed \u00fadaje nem\u00e1m kapacitu reagovat.<\/li>\n<li><strong>Pos\u00edlejte pros\u00edm <span style=\"text-decoration: underline; color: #ff0000;\">v\u0161e v jednom e-mailu<\/span><\/strong>, nikoli na etapy &#8211; obt\u00ed\u017en\u011b se pak v\u0161e v mno\u017estv\u00ed e-mail\u016f dohled\u00e1v\u00e1.<\/li>\n<li><span style=\"color: #000000;\"><strong><span style=\"text-decoration: underline;\">\u00dadaje<\/span> z \u017e\u00e1danky<\/strong> ani <\/span><strong><span style=\"color: #000000;\">z karti\u010dky zdravotn\u00ed poji\u0161\u0165ovny <\/span><span style=\"text-decoration: underline;\"><span style=\"color: #ff0000; text-decoration: underline;\">neopisujte<\/span><\/span><\/strong>, ale oskenujte \u010di vyfo\u0165te ji.<\/li>\n<\/ul>\n<hr \/>\n<p>Po zasl\u00e1n\u00ed v\u0161ech kompletn\u00edch \u00fadaj\u016f V\u00e1s zavedu do na\u0161eho syst\u00e9mu a za\u0159ad\u00edm do po\u0159adn\u00edku. N\u00e1sledn\u011b po uvoln\u011bn\u00ed kapacity se V\u00e1m ozvu s nab\u00eddkou term\u00ednu vstupn\u00edho vy\u0161et\u0159en\u00ed.<\/p>\n<p style=\"text-align: left;\"><strong>Upozorn\u011bn\u00ed:<\/strong><\/p>\n<ul>\n<li>Pokud dlouho nedost\u00e1v\u00e1te odpov\u011b\u010f, ov\u011b\u0159te si, zda jste opravdu zaslali <span style=\"text-decoration: underline;\"><strong>v\u0161echny pot\u0159ebn\u00e9 \u00fadaje<\/strong> <\/span>a \u017ee nem\u00e1te <span style=\"text-decoration: underline;\"><strong>v e-mailov\u00e9 adrese <\/strong><strong>chybu<\/strong><\/span>.<\/li>\n<li>\u010casto se st\u00e1v\u00e1, \u017ee dojde k z\u00e1m\u011bn\u011b pojmu &#8222;<span style=\"text-decoration: underline;\"><strong>psycholog<\/strong><\/span>&#8220; a &#8222;<span style=\"text-decoration: underline;\"><strong>psychiatr<\/strong><\/span>&#8222;. Hled\u00e1te-li psychiatra, m\u00e1te \u0161patn\u00fd kontakt &#8211; zde najdete ordinaci <span style=\"text-decoration: underline;\"><strong>klinick\u00e9ho psychologa<\/strong><\/span>. Odes\u00edl\u00e1-li V\u00e1s na vy\u0161et\u0159en\u00ed n\u011bjak\u00fd specialista, <strong>ov\u011b\u0159te na \u017e\u00e1dance, \u017ee V\u00e1s pos\u00edl\u00e1 skute\u010dn\u011b na vy\u0161et\u0159en\u00ed <span style=\"text-decoration: underline;\">klinick\u00fdm psychologem.<\/span><\/strong><\/li>\n<li>Z provozn\u00edch d\u016fvod\u016f v\u011bt\u0161inou nen\u00ed mo\u017en\u00e9 odbavit V\u00e1s telefonem ani osobn\u011b, b\u011bhem pr\u00e1ce s pacienty telefon nezved\u00e1m ani nechod\u00edm ke dve\u0159\u00edm, proto <strong>e-mail je nejpru\u017en\u011bj\u0161\u00edm zp\u016fsobem komunikace.<\/strong> Z nouze m\u016f\u017eete samoz\u0159ejm\u011b vyu\u017e\u00edt m\u00e9n\u011b praktick\u00e9 slu\u017eby \u010cesk\u00e9 po\u0161ty a v ob\u00e1lce zaslat v\u0161echny po\u017eadovan\u00e9 dokumenty a \u00fadaje &#8211; viz v\u00fd\u0161e.<\/li>\n<\/ul>\n<p>Adresa: <strong>Most, \u010cSL arm\u00e1dy 2172 PS\u010c 434 01<br \/>\n<\/strong><\/p>\n<figure id=\"attachment_157\" aria-describedby=\"caption-attachment-157\" style=\"width: 487px\" class=\"wp-caption aligncenter\"><img loading=\"lazy\" decoding=\"async\" class=\"wp-image-157\" src=\"http:\/\/www.sebestart.cz\/wp-content\/uploads\/2019\/06\/mapka.png\" alt=\"Mapa - jak se k n\u00e1m dostat\" width=\"497\" height=\"451\" srcset=\"https:\/\/www.sebestart.cz\/wp-content\/uploads\/2019\/06\/mapka.png 830w, https:\/\/www.sebestart.cz\/wp-content\/uploads\/2019\/06\/mapka-300x273.png 300w, https:\/\/www.sebestart.cz\/wp-content\/uploads\/2019\/06\/mapka-768x698.png 768w\" sizes=\"auto, (max-width: 497px) 100vw, 497px\" \/><figcaption id=\"caption-attachment-157\" class=\"wp-caption-text\">Mapka<\/figcaption><\/figure>\n","protected":false},"excerpt":{"rendered":"<p>Kontaktujte m\u011b, pros\u00edm, v\u00fdhradn\u011b e-mailem na adrese info[zavin\u00e1\u010d]SebeStart.cz. Dr\u017ete se n\u00e1sleduj\u00edc\u00edho seznamu, \u017e\u00e1dn\u00fd bod nevynech\u00e1vejte. Do zpr\u00e1vy uve\u010fte: Va\u0161e jm\u00e9no, p\u0159\u00edjmen\u00ed (a event. titul) Va\u0161e trval\u00e9 bydli\u0161t\u011b Platn\u00fd tel. kontakt na V\u00e1s, na kter\u00e9m budete k zasti\u017een\u00ed Va\u0161i e-mailovou adresu, je-li jin\u00e1, ne\u017e ze kter\u00e9 pr\u00e1v\u011b p\u00ed\u0161ete Ve stru\u010dnosti, jak\u00e9 m\u00e1te pot\u00ed\u017ee: opravdu nem\u00e1 smysl &#8230; <a title=\"Kontakt\" class=\"read-more\" href=\"https:\/\/www.sebestart.cz\/index.php\/kontakt\/\">\u010c\u00edst d\u00e1l<span class=\"screen-reader-text\">Kontakt<\/span><\/a><\/p>\n","protected":false},"author":1,"featured_media":0,"parent":0,"menu_order":0,"comment_status":"closed","ping_status":"closed","template":"","meta":{"footnotes":""},"class_list":["post-9","page","type-page","status-publish"],"_links":{"self":[{"href":"https:\/\/www.sebestart.cz\/index.php\/wp-json\/wp\/v2\/pages\/9","targetHints":{"allow":["GET"]}}],"collection":[{"href":"https:\/\/www.sebestart.cz\/index.php\/wp-json\/wp\/v2\/pages"}],"about":[{"href":"https:\/\/www.sebestart.cz\/index.php\/wp-json\/wp\/v2\/types\/page"}],"author":[{"embeddable":true,"href":"https:\/\/www.sebestart.cz\/index.php\/wp-json\/wp\/v2\/users\/1"}],"replies":[{"embeddable":true,"href":"https:\/\/www.sebestart.cz\/index.php\/wp-json\/wp\/v2\/comments?post=9"}],"version-history":[{"count":64,"href":"https:\/\/www.sebestart.cz\/index.php\/wp-json\/wp\/v2\/pages\/9\/revisions"}],"predecessor-version":[{"id":432,"href":"https:\/\/www.sebestart.cz\/index.php\/wp-json\/wp\/v2\/pages\/9\/revisions\/432"}],"wp:attachment":[{"href":"https:\/\/www.sebestart.cz\/index.php\/wp-json\/wp\/v2\/media?parent=9"}],"curies":[{"name":"wp","href":"https:\/\/api.w.org\/{rel}","templated":true}]}}